{"id":3689,"date":"2023-12-25T10:02:58","date_gmt":"2023-12-25T07:02:58","guid":{"rendered":"https:\/\/necatzorlu.com\/demo\/referanslarimiz\/"},"modified":"2024-01-25T12:02:56","modified_gmt":"2024-01-25T09:02:56","slug":"references","status":"publish","type":"page","link":"https:\/\/www.necatzorlu.com\/en\/references\/","title":{"rendered":"References"},"content":{"rendered":"\t\t<div data-elementor-type=\"wp-page\" data-elementor-id=\"3689\" class=\"elementor elementor-3689 elementor-2183\" data-elementor-post-type=\"page\">\n\t\t\t\t\t\t\t\t\t<section class=\"elementor-section elementor-top-section elementor-element elementor-element-3cb720f elementor-section-boxed elementor-section-height-default elementor-section-height-default\" data-id=\"3cb720f\" data-element_type=\"section\">\n\t\t\t\t\t\t<div class=\"elementor-container elementor-column-gap-default\">\n\t\t\t\t\t<div class=\"elementor-column elementor-col-50 elementor-top-column elementor-element elementor-element-1c1039c\" data-id=\"1c1039c\" data-element_type=\"column\">\n\t\t\t<div class=\"elementor-widget-wrap elementor-element-populated\">\n\t\t\t\t\t\t\t\t<div class=\"elementor-element elementor-element-973d811 elementor-widget elementor-widget-text-editor\" data-id=\"973d811\" data-element_type=\"widget\" data-widget_type=\"text-editor.default\">\n\t\t\t\t<div class=\"elementor-widget-container\">\n\t\t\t\t\t\t\t<div class=\"vc_row wpb_row vc_row-fluid\">\n<div class=\"wpb_column vc_column_container vc_col-sm-12\">\n<div class=\"vc_column-inner\">\n<div class=\"wpb_wrapper\">\n<div class=\"wpb_text_column wpb_content_element \">\n<div class=\"wpb_wrapper\">\n<h3>Some of Our References\n<\/h3>\n<\/div>\n<\/div>\n<\/div>\n<\/div>\n<\/div>\n<\/div>\n<div class=\"vc_row wpb_row vc_row-fluid\">\n<div class=\"wpb_column vc_column_container vc_col-sm-6\">\n<div class=\"vc_column-inner\">\n<div class=\"wpb_wrapper\">\n<div class=\"wpb_text_column wpb_content_element \">\n<div class=\"wpb_wrapper\">\n<ul>\n \t<li>L.T.B Kanalizasyon ve \u0130\u00e7me Suyu Hatlar\u0131<\/li>\n \t<li>Gazi Magosa Belediyesi Kanalizasyon ve \u0130\u00e7me Suyu Hatlar\u0131<\/li>\n \t<li>G\u00fczelyurt Belediyesi Kanalizasyon ve \u0130\u00e7me Suyu Hatlar\u0131<\/li>\n \t<li>Su \u0130\u015fleri Dairesi<\/li>\n \t<li>Girne Belediyesi<\/li>\n \t<li>Tar\u0131m Dairesi<\/li>\n \t<li>G\u00f6nyeli Belediyesi<\/li>\n \t<li>Dikmen Belediyesi<\/li>\n \t<li>De\u011firmenlik Belediyesi<\/li>\n \t<li>Elexus Hotel<\/li>\n \t<li>Merit Hotel<\/li>\n \t<li>Cratos Hotel (Bumerag)<\/li>\n \t<li>Oscar Hotel<\/li>\n \t<li>Lord Palace Hotel<\/li>\n \t<li>D.A.\u00dc.<\/li>\n \t<li>U.K.\u00dc.<\/li>\n \t<li>G.A.\u00dc.<\/li>\n<\/ul>\n<\/div>\n<\/div>\n<\/div>\n<\/div>\n<\/div>\n<div class=\"wpb_column vc_column_container vc_col-sm-6\">\n<div class=\"vc_column-inner\">\n<div class=\"wpb_wrapper\">\n<div class=\"wpb_text_column wpb_content_element \">\n<div class=\"wpb_wrapper\"><\/div>\n<\/div>\n<\/div>\n<\/div>\n<\/div>\n<\/div>\t\t\t\t\t\t<\/div>\n\t\t\t\t<\/div>\n\t\t\t\t\t<\/div>\n\t\t<\/div>\n\t\t\t\t<div class=\"elementor-column elementor-col-50 elementor-top-column elementor-element elementor-element-e8c20b6\" data-id=\"e8c20b6\" data-element_type=\"column\">\n\t\t\t<div class=\"elementor-widget-wrap elementor-element-populated\">\n\t\t\t\t\t\t\t\t<div class=\"elementor-element elementor-element-a214e06 elementor-widget elementor-widget-text-editor\" data-id=\"a214e06\" data-element_type=\"widget\" data-widget_type=\"text-editor.default\">\n\t\t\t\t<div class=\"elementor-widget-container\">\n\t\t\t\t\t\t\t<p>\u00a0<\/p><ul><li>City Mall \u2013 Elektrokur<\/li><li>Erbatu \u0130n\u015faat<\/li><li>K\u0131br\u0131s \u0130n\u015faat<\/li><li>Kayas \u0130n\u015faat<\/li><li>Hac\u0131ali \u0130n\u015faat<\/li><li>Kaynarca \u0130n\u015faat<\/li><li>Mita\u015f Proje \u0130n\u015faat A.\u015e. Ortakl\u0131\u011f\u0131(TC-KKTC Su Temini Projesi)<\/li><li>Levent \u0130n\u015faat<\/li><li>Cyprus Pools<\/li><li>Ta\u015fkent Do\u011fa Park\u0131<\/li><li>Al\u00e7\u0131c\u0131 Elektrik M\u00fcteahhitli\u011fi<\/li><li>HGY Elektrik<\/li><li>Ertek Elektrik<\/li><li>\u0130ztan Garden<\/li><li>Perfect Garden<\/li><li>Arsan Ar\u0131tma ve \u0130n\u015faat Anonim \u015eirketi(TC-KKTC Su Temini Projesi)<\/li><\/ul>\t\t\t\t\t\t<\/div>\n\t\t\t\t<\/div>\n\t\t\t\t\t<\/div>\n\t\t<\/div>\n\t\t\t\t\t\t\t<\/div>\n\t\t<\/section>\n\t\t\t\t\t\t\t<\/div>\n\t\t","protected":false},"excerpt":{"rendered":"<p>Some of Our References L.T.B Kanalizasyon ve \u0130\u00e7me Suyu Hatlar\u0131 Gazi Magosa Belediyesi Kanalizasyon ve \u0130\u00e7me Suyu Hatlar\u0131 G\u00fczelyurt Belediyesi Kanalizasyon ve \u0130\u00e7me Suyu Hatlar\u0131 Su \u0130\u015fleri Dairesi Girne Belediyesi Tar\u0131m Dairesi G\u00f6nyeli Belediyesi Dikmen Belediyesi De\u011firmenlik Belediyesi Elexus Hotel Merit Hotel Cratos Hotel (Bumerag) Oscar Hotel Lord Palace Hotel D.A.\u00dc. U.K.\u00dc. G.A.\u00dc. \u00a0 City [&hellip;]<\/p>\n","protected":false},"author":1,"featured_media":0,"parent":0,"menu_order":0,"comment_status":"closed","ping_status":"closed","template":"","meta":{"footnotes":""},"acf":[],"_links":{"self":[{"href":"https:\/\/www.necatzorlu.com\/en\/wp-json\/wp\/v2\/pages\/3689"}],"collection":[{"href":"https:\/\/www.necatzorlu.com\/en\/wp-json\/wp\/v2\/pages"}],"about":[{"href":"https:\/\/www.necatzorlu.com\/en\/wp-json\/wp\/v2\/types\/page"}],"author":[{"embeddable":true,"href":"https:\/\/www.necatzorlu.com\/en\/wp-json\/wp\/v2\/users\/1"}],"replies":[{"embeddable":true,"href":"https:\/\/www.necatzorlu.com\/en\/wp-json\/wp\/v2\/comments?post=3689"}],"version-history":[{"count":4,"href":"https:\/\/www.necatzorlu.com\/en\/wp-json\/wp\/v2\/pages\/3689\/revisions"}],"predecessor-version":[{"id":3698,"href":"https:\/\/www.necatzorlu.com\/en\/wp-json\/wp\/v2\/pages\/3689\/revisions\/3698"}],"wp:attachment":[{"href":"https:\/\/www.necatzorlu.com\/en\/wp-json\/wp\/v2\/media?parent=3689"}],"curies":[{"name":"wp","href":"https:\/\/api.w.org\/{rel}","templated":true}]}}